{"id":1577,"date":"2026-02-23T14:55:17","date_gmt":"2026-02-23T14:55:17","guid":{"rendered":"https:\/\/www.mogacode.ma\/?page_id=1577"},"modified":"2026-02-24T06:59:37","modified_gmt":"2026-02-24T06:59:37","slug":"politique-relative-aux-cookies","status":"publish","type":"page","link":"https:\/\/www.mogacode.ma\/en\/politique-relative-aux-cookies\/","title":{"rendered":"Politique relative aux cookies"},"content":{"rendered":"<div data-elementor-type=\"wp-page\" data-elementor-id=\"1577\" class=\"elementor elementor-1577 elementor-bc-flex-widget\" data-elementor-post-type=\"page\">\n\t\t\t\t<div class=\"elementor-element elementor-element-a2d0e13 e-flex e-con-boxed e-con e-parent\" data-id=\"a2d0e13\" data-element_type=\"container\" data-e-type=\"container\" data-settings=\"{&quot;background_background&quot;:&quot;classic&quot;}\">\n\t\t\t\t\t<div class=\"e-con-inner\">\n\t\t\t\t<div class=\"elementor-element elementor-element-e34f0e8 elementor-widget elementor-widget-heading\" data-id=\"e34f0e8\" data-element_type=\"widget\" data-e-type=\"widget\" data-widget_type=\"heading.default\">\n\t\t\t\t\t<h1 class=\"elementor-heading-title elementor-size-default\">Politique <em class=\"gradient-text\">relative<\/em> aux cookies<\/h1>\t\t\t\t<\/div>\n\t\t\t\t\t<\/div>\n\t\t\t\t<\/div>\n\t\t<div class=\"elementor-element elementor-element-0cc826b e-flex e-con-boxed e-con e-parent\" data-id=\"0cc826b\" data-element_type=\"container\" data-e-type=\"container\" data-settings=\"{&quot;background_background&quot;:&quot;classic&quot;}\">\n\t\t\t\t\t<div class=\"e-con-inner\">\n\t\t\t\t<div class=\"elementor-element elementor-element-6930b30 elementor-widget elementor-widget-heading\" data-id=\"6930b30\" data-element_type=\"widget\" data-e-type=\"widget\" data-widget_type=\"heading.default\">\n\t\t\t\t\t<h2 class=\"elementor-heading-title elementor-size-default\">1. D\u00e9finition<\/h2>\t\t\t\t<\/div>\n\t\t\t\t<div class=\"elementor-element elementor-element-b150f66 elementor-widget elementor-widget-text-editor\" data-id=\"b150f66\" data-element_type=\"widget\" data-e-type=\"widget\" data-widget_type=\"text-editor.default\">\n\t\t\t\t\t\t\t\t\t<p>Un cookie est un petit fichier stock\u00e9 sur votre appareil lors de la visite d\u2019un site web.<\/p>\t\t\t\t\t\t\t\t<\/div>\n\t\t\t\t<div class=\"elementor-element elementor-element-c6bbf67 elementor-widget elementor-widget-heading\" data-id=\"c6bbf67\" data-element_type=\"widget\" data-e-type=\"widget\" data-widget_type=\"heading.default\">\n\t\t\t\t\t<h2 class=\"elementor-heading-title elementor-size-default\">2. Types de cookies utilis\u00e9s<\/h2>\t\t\t\t<\/div>\n\t\t\t\t<div class=\"elementor-element elementor-element-0869834 elementor-widget elementor-widget-text-editor\" data-id=\"0869834\" data-element_type=\"widget\" data-e-type=\"widget\" data-widget_type=\"text-editor.default\">\n\t\t\t\t\t\t\t\t\t<p>Cookies techniques, cookies analytiques (Google Analytics) et cookies marketing le cas \u00e9ch\u00e9ant.<\/p>\t\t\t\t\t\t\t\t<\/div>\n\t\t\t\t<div class=\"elementor-element elementor-element-f6e8cee elementor-widget elementor-widget-heading\" data-id=\"f6e8cee\" data-element_type=\"widget\" data-e-type=\"widget\" data-widget_type=\"heading.default\">\n\t\t\t\t\t<h2 class=\"elementor-heading-title elementor-size-default\">3. Gestion des cookies\n\n<\/h2>\t\t\t\t<\/div>\n\t\t\t\t<div class=\"elementor-element elementor-element-4cb31d9 elementor-widget elementor-widget-text-editor\" data-id=\"4cb31d9\" data-element_type=\"widget\" data-e-type=\"widget\" data-widget_type=\"text-editor.default\">\n\t\t\t\t\t\t\t\t\t<p>Un bandeau de consentement permet d\u2019accepter, refuser ou personnaliser les cookies.<\/p>\n<p>Les pr\u00e9f\u00e9rences peuvent \u00eatre modifi\u00e9es via les param\u00e8tres du navigateur.<\/p>\t\t\t\t\t\t\t\t<\/div>\n\t\t\t\t\t<\/div>\n\t\t\t\t<\/div>\n\t\t\t\t<\/div>","protected":false},"excerpt":{"rendered":"<p>Politique relative aux cookies 1. D\u00e9finition Un cookie est un petit fichier stock\u00e9 sur votre appareil lors de la visite d\u2019un site web. 2. Types de cookies utilis\u00e9s Cookies techniques, cookies analytiques (Google Analytics) et cookies marketing le cas \u00e9ch\u00e9ant. 3. Gestion des cookies Un bandeau de consentement permet d\u2019accepter, refuser ou personnaliser les cookies. [&hellip;]<\/p>\n","protected":false},"author":2,"featured_media":0,"parent":0,"menu_order":0,"comment_status":"closed","ping_status":"closed","template":"","meta":{"footnotes":""},"class_list":["post-1577","page","type-page","status-publish","hentry"],"yoast_head":"<!-- This site is optimized with the Yoast SEO Premium plugin v26.5 (Yoast SEO v27.5) - https:\/\/yoast.com\/product\/yoast-seo-premium-wordpress\/ -->\n<title>Politique relative aux cookies - Mogacode<\/title>\n<meta name=\"robots\" content=\"index, follow, max-snippet:-1, max-image-preview:large, max-video-preview:-1\" \/>\n<link rel=\"canonical\" href=\"https:\/\/www.mogacode.ma\/en\/politique-relative-aux-cookies\/\" \/>\n<meta property=\"og:locale\" content=\"en_US\" \/>\n<meta property=\"og:type\" content=\"article\" \/>\n<meta property=\"og:title\" content=\"Politique relative aux cookies\" \/>\n<meta property=\"og:description\" content=\"Politique relative aux cookies 1. D\u00e9finition Un cookie est un petit fichier stock\u00e9 sur votre appareil lors de la visite d\u2019un site web. 2. Types de cookies utilis\u00e9s Cookies techniques, cookies analytiques (Google Analytics) et cookies marketing le cas \u00e9ch\u00e9ant. 3. Gestion des cookies Un bandeau de consentement permet d\u2019accepter, refuser ou personnaliser les cookies. [&hellip;]\" \/>\n<meta property=\"og:url\" content=\"https:\/\/www.mogacode.ma\/en\/politique-relative-aux-cookies\/\" \/>\n<meta property=\"og:site_name\" content=\"Mogacode\" \/>\n<meta property=\"article:publisher\" content=\"https:\/\/www.facebook.com\/mogacode\" \/>\n<meta property=\"article:modified_time\" content=\"2026-02-24T06:59:37+00:00\" \/>\n<meta name=\"twitter:card\" content=\"summary_large_image\" \/>\n<meta name=\"twitter:site\" content=\"@mogacode\" \/>\n<meta name=\"twitter:label1\" content=\"Est. reading time\" \/>\n\t<meta name=\"twitter:data1\" content=\"1 minute\" \/>\n<script type=\"application\/ld+json\" class=\"yoast-schema-graph\">{\"@context\":\"https:\\\/\\\/schema.org\",\"@graph\":[{\"@type\":\"WebPage\",\"@id\":\"https:\\\/\\\/www.mogacode.ma\\\/politique-relative-aux-cookies\\\/\",\"url\":\"https:\\\/\\\/www.mogacode.ma\\\/politique-relative-aux-cookies\\\/\",\"name\":\"Politique relative aux cookies - Mogacode\",\"isPartOf\":{\"@id\":\"https:\\\/\\\/www.mogacode.ma\\\/en\\\/#website\"},\"datePublished\":\"2026-02-23T14:55:17+00:00\",\"dateModified\":\"2026-02-24T06:59:37+00:00\",\"breadcrumb\":{\"@id\":\"https:\\\/\\\/www.mogacode.ma\\\/politique-relative-aux-cookies\\\/#breadcrumb\"},\"inLanguage\":\"en-US\",\"potentialAction\":[{\"@type\":\"ReadAction\",\"target\":[\"https:\\\/\\\/www.mogacode.ma\\\/politique-relative-aux-cookies\\\/\"]}]},{\"@type\":\"BreadcrumbList\",\"@id\":\"https:\\\/\\\/www.mogacode.ma\\\/politique-relative-aux-cookies\\\/#breadcrumb\",\"itemListElement\":[{\"@type\":\"ListItem\",\"position\":1,\"name\":\"Accueil\",\"item\":\"https:\\\/\\\/www.mogacode.ma\\\/\"},{\"@type\":\"ListItem\",\"position\":2,\"name\":\"Politique relative aux cookies\"}]},{\"@type\":\"WebSite\",\"@id\":\"https:\\\/\\\/www.mogacode.ma\\\/en\\\/#website\",\"url\":\"https:\\\/\\\/www.mogacode.ma\\\/en\\\/\",\"name\":\"Mogacode - D\u00e9veloppement de sites web et applications \u00e0 Essaouira\",\"description\":\"\",\"publisher\":{\"@id\":\"https:\\\/\\\/www.mogacode.ma\\\/en\\\/#organization\"},\"potentialAction\":[{\"@type\":\"SearchAction\",\"target\":{\"@type\":\"EntryPoint\",\"urlTemplate\":\"https:\\\/\\\/www.mogacode.ma\\\/en\\\/?s={search_term_string}\"},\"query-input\":{\"@type\":\"PropertyValueSpecification\",\"valueRequired\":true,\"valueName\":\"search_term_string\"}}],\"inLanguage\":\"en-US\"},{\"@type\":\"Organization\",\"@id\":\"https:\\\/\\\/www.mogacode.ma\\\/en\\\/#organization\",\"name\":\"MogaCode\",\"alternateName\":\"MogaCode SARL-AU\",\"url\":\"https:\\\/\\\/www.mogacode.ma\\\/en\\\/\",\"logo\":{\"@type\":\"ImageObject\",\"inLanguage\":\"en-US\",\"@id\":\"https:\\\/\\\/www.mogacode.ma\\\/en\\\/#\\\/schema\\\/logo\\\/image\\\/\",\"url\":\"https:\\\/\\\/www.mogacode.ma\\\/wp-content\\\/uploads\\\/2025\\\/10\\\/ChatGPT-Image-22-oct.-2025-a-09_49_53.png\",\"contentUrl\":\"https:\\\/\\\/www.mogacode.ma\\\/wp-content\\\/uploads\\\/2025\\\/10\\\/ChatGPT-Image-22-oct.-2025-a-09_49_53.png\",\"width\":1024,\"height\":1024,\"caption\":\"MogaCode\"},\"image\":{\"@id\":\"https:\\\/\\\/www.mogacode.ma\\\/en\\\/#\\\/schema\\\/logo\\\/image\\\/\"},\"sameAs\":[\"https:\\\/\\\/www.facebook.com\\\/mogacode\",\"https:\\\/\\\/x.com\\\/mogacode\"],\"description\":\"Agence digitale sp\u00e9cialis\u00e9e en d\u00e9veloppement WordPress, SaaS IA et SEO. Fond\u00e9e \u00e0 Essaouira par un expert judiciaire informaticien avec 30 ans d'exp\u00e9rience IT. Clients en France, Belgique, Luxembourg et Maroc.\",\"email\":\"contact@mogacode.ma\",\"telephone\":\"+212620229114\",\"legalName\":\"MogaCode SARL-AU\",\"foundingDate\":\"2019\"}]}<\/script>\n<!-- \/ Yoast SEO Premium plugin. -->","yoast_head_json":{"title":"Politique relative aux cookies - Mogacode","robots":{"index":"index","follow":"follow","max-snippet":"max-snippet:-1","max-image-preview":"max-image-preview:large","max-video-preview":"max-video-preview:-1"},"canonical":"https:\/\/www.mogacode.ma\/en\/politique-relative-aux-cookies\/","og_locale":"en_US","og_type":"article","og_title":"Politique relative aux cookies","og_description":"Politique relative aux cookies 1. D\u00e9finition Un cookie est un petit fichier stock\u00e9 sur votre appareil lors de la visite d\u2019un site web. 2. Types de cookies utilis\u00e9s Cookies techniques, cookies analytiques (Google Analytics) et cookies marketing le cas \u00e9ch\u00e9ant. 3. Gestion des cookies Un bandeau de consentement permet d\u2019accepter, refuser ou personnaliser les cookies. [&hellip;]","og_url":"https:\/\/www.mogacode.ma\/en\/politique-relative-aux-cookies\/","og_site_name":"Mogacode","article_publisher":"https:\/\/www.facebook.com\/mogacode","article_modified_time":"2026-02-24T06:59:37+00:00","twitter_card":"summary_large_image","twitter_site":"@mogacode","twitter_misc":{"Est. reading time":"1 minute"},"schema":{"@context":"https:\/\/schema.org","@graph":[{"@type":"WebPage","@id":"https:\/\/www.mogacode.ma\/politique-relative-aux-cookies\/","url":"https:\/\/www.mogacode.ma\/politique-relative-aux-cookies\/","name":"Politique relative aux cookies - Mogacode","isPartOf":{"@id":"https:\/\/www.mogacode.ma\/en\/#website"},"datePublished":"2026-02-23T14:55:17+00:00","dateModified":"2026-02-24T06:59:37+00:00","breadcrumb":{"@id":"https:\/\/www.mogacode.ma\/politique-relative-aux-cookies\/#breadcrumb"},"inLanguage":"en-US","potentialAction":[{"@type":"ReadAction","target":["https:\/\/www.mogacode.ma\/politique-relative-aux-cookies\/"]}]},{"@type":"BreadcrumbList","@id":"https:\/\/www.mogacode.ma\/politique-relative-aux-cookies\/#breadcrumb","itemListElement":[{"@type":"ListItem","position":1,"name":"Accueil","item":"https:\/\/www.mogacode.ma\/"},{"@type":"ListItem","position":2,"name":"Politique relative aux cookies"}]},{"@type":"WebSite","@id":"https:\/\/www.mogacode.ma\/en\/#website","url":"https:\/\/www.mogacode.ma\/en\/","name":"Mogacode - D\u00e9veloppement de sites web et applications \u00e0 Essaouira","description":"","publisher":{"@id":"https:\/\/www.mogacode.ma\/en\/#organization"},"potentialAction":[{"@type":"SearchAction","target":{"@type":"EntryPoint","urlTemplate":"https:\/\/www.mogacode.ma\/en\/?s={search_term_string}"},"query-input":{"@type":"PropertyValueSpecification","valueRequired":true,"valueName":"search_term_string"}}],"inLanguage":"en-US"},{"@type":"Organization","@id":"https:\/\/www.mogacode.ma\/en\/#organization","name":"MogaCode","alternateName":"MogaCode SARL-AU","url":"https:\/\/www.mogacode.ma\/en\/","logo":{"@type":"ImageObject","inLanguage":"en-US","@id":"https:\/\/www.mogacode.ma\/en\/#\/schema\/logo\/image\/","url":"https:\/\/www.mogacode.ma\/wp-content\/uploads\/2025\/10\/ChatGPT-Image-22-oct.-2025-a-09_49_53.png","contentUrl":"https:\/\/www.mogacode.ma\/wp-content\/uploads\/2025\/10\/ChatGPT-Image-22-oct.-2025-a-09_49_53.png","width":1024,"height":1024,"caption":"MogaCode"},"image":{"@id":"https:\/\/www.mogacode.ma\/en\/#\/schema\/logo\/image\/"},"sameAs":["https:\/\/www.facebook.com\/mogacode","https:\/\/x.com\/mogacode"],"description":"Agence digitale sp\u00e9cialis\u00e9e en d\u00e9veloppement WordPress, SaaS IA et SEO. Fond\u00e9e \u00e0 Essaouira par un expert judiciaire informaticien avec 30 ans d'exp\u00e9rience IT. Clients en France, Belgique, Luxembourg et Maroc.","email":"contact@mogacode.ma","telephone":"+212620229114","legalName":"MogaCode SARL-AU","foundingDate":"2019"}]}},"_links":{"self":[{"href":"https:\/\/www.mogacode.ma\/en\/wp-json\/wp\/v2\/pages\/1577","targetHints":{"allow":["GET"]}}],"collection":[{"href":"https:\/\/www.mogacode.ma\/en\/wp-json\/wp\/v2\/pages"}],"about":[{"href":"https:\/\/www.mogacode.ma\/en\/wp-json\/wp\/v2\/types\/page"}],"author":[{"embeddable":true,"href":"https:\/\/www.mogacode.ma\/en\/wp-json\/wp\/v2\/users\/2"}],"replies":[{"embeddable":true,"href":"https:\/\/www.mogacode.ma\/en\/wp-json\/wp\/v2\/comments?post=1577"}],"version-history":[{"count":0,"href":"https:\/\/www.mogacode.ma\/en\/wp-json\/wp\/v2\/pages\/1577\/revisions"}],"wp:attachment":[{"href":"https:\/\/www.mogacode.ma\/en\/wp-json\/wp\/v2\/media?parent=1577"}],"curies":[{"name":"wp","href":"https:\/\/api.w.org\/{rel}","templated":true}]}}