{"id":1562,"date":"2026-02-23T14:36:18","date_gmt":"2026-02-23T14:36:18","guid":{"rendered":"https:\/\/www.mogacode.ma\/?page_id=1562"},"modified":"2026-02-24T06:59:55","modified_gmt":"2026-02-24T06:59:55","slug":"politique-de-confidentialite","status":"publish","type":"page","link":"https:\/\/www.mogacode.ma\/en\/politique-de-confidentialite\/","title":{"rendered":"Politique de confidentialit\u00e9"},"content":{"rendered":"<div data-elementor-type=\"wp-page\" data-elementor-id=\"1562\" class=\"elementor elementor-1562 elementor-bc-flex-widget\" data-elementor-post-type=\"page\">\n\t\t\t\t<div class=\"elementor-element elementor-element-c63da3e e-flex e-con-boxed e-con e-parent\" data-id=\"c63da3e\" data-element_type=\"container\" data-e-type=\"container\" data-settings=\"{&quot;background_background&quot;:&quot;classic&quot;}\">\n\t\t\t\t\t<div class=\"e-con-inner\">\n\t\t\t\t<div class=\"elementor-element elementor-element-963660a elementor-widget elementor-widget-heading\" data-id=\"963660a\" data-element_type=\"widget\" data-e-type=\"widget\" data-widget_type=\"heading.default\">\n\t\t\t\t\t<h1 class=\"elementor-heading-title elementor-size-default\">Politique de <em class=\"gradient-text\">confidentialit\u00e9<\/em><\/h1>\t\t\t\t<\/div>\n\t\t\t\t\t<\/div>\n\t\t\t\t<\/div>\n\t\t<div class=\"elementor-element elementor-element-9fb7dc9 e-flex e-con-boxed e-con e-parent\" data-id=\"9fb7dc9\" data-element_type=\"container\" data-e-type=\"container\" data-settings=\"{&quot;background_background&quot;:&quot;classic&quot;}\">\n\t\t\t\t\t<div class=\"e-con-inner\">\n\t\t\t\t<div class=\"elementor-element elementor-element-1f15e18 elementor-widget elementor-widget-heading\" data-id=\"1f15e18\" data-element_type=\"widget\" data-e-type=\"widget\" data-widget_type=\"heading.default\">\n\t\t\t\t\t<h2 class=\"elementor-heading-title elementor-size-default\">1. Collecte des donn\u00e9es<\/h2>\t\t\t\t<\/div>\n\t\t\t\t<div class=\"elementor-element elementor-element-346b8b8 elementor-widget elementor-widget-text-editor\" data-id=\"346b8b8\" data-element_type=\"widget\" data-e-type=\"widget\" data-widget_type=\"text-editor.default\">\n\t\t\t\t\t\t\t\t\t<p>Nous collectons uniquement les donn\u00e9es n\u00e9cessaires \u00e0 notre activit\u00e9 : nom, pr\u00e9nom, email, t\u00e9l\u00e9phone, informations li\u00e9es au projet, donn\u00e9es de navigation (cookies).<\/p>\t\t\t\t\t\t\t\t<\/div>\n\t\t\t\t<div class=\"elementor-element elementor-element-d787f28 elementor-widget elementor-widget-heading\" data-id=\"d787f28\" data-element_type=\"widget\" data-e-type=\"widget\" data-widget_type=\"heading.default\">\n\t\t\t\t\t<h2 class=\"elementor-heading-title elementor-size-default\">\n2. Finalit\u00e9s\n<\/h2>\t\t\t\t<\/div>\n\t\t\t\t<div class=\"elementor-element elementor-element-e233a7b elementor-widget elementor-widget-text-editor\" data-id=\"e233a7b\" data-element_type=\"widget\" data-e-type=\"widget\" data-widget_type=\"text-editor.default\">\n\t\t\t\t\t\t\t\t\t<p>Les donn\u00e9es sont utilis\u00e9es pour r\u00e9pondre aux demandes de contact, \u00e9tablir des devis, g\u00e9rer les relations clients, am\u00e9liorer l\u2019exp\u00e9rience utilisateur et respecter les obligations l\u00e9gales<\/p>\t\t\t\t\t\t\t\t<\/div>\n\t\t\t\t<div class=\"elementor-element elementor-element-c06aaa0 elementor-widget elementor-widget-heading\" data-id=\"c06aaa0\" data-element_type=\"widget\" data-e-type=\"widget\" data-widget_type=\"heading.default\">\n\t\t\t\t\t<h2 class=\"elementor-heading-title elementor-size-default\">3. Dur\u00e9e de conservation\n\n<\/h2>\t\t\t\t<\/div>\n\t\t\t\t<div class=\"elementor-element elementor-element-83b8842 elementor-widget elementor-widget-text-editor\" data-id=\"83b8842\" data-element_type=\"widget\" data-e-type=\"widget\" data-widget_type=\"text-editor.default\">\n\t\t\t\t\t\t\t\t\t<p>3 ans pour les prospects.<\/p><p>10 ans pour les obligations comptables<\/p>\t\t\t\t\t\t\t\t<\/div>\n\t\t\t\t<div class=\"elementor-element elementor-element-bcaf1b0 elementor-widget elementor-widget-heading\" data-id=\"bcaf1b0\" data-element_type=\"widget\" data-e-type=\"widget\" data-widget_type=\"heading.default\">\n\t\t\t\t\t<h2 class=\"elementor-heading-title elementor-size-default\">4. Protection des donn\u00e9es<\/h2>\t\t\t\t<\/div>\n\t\t\t\t<div class=\"elementor-element elementor-element-2d33923 elementor-widget elementor-widget-text-editor\" data-id=\"2d33923\" data-element_type=\"widget\" data-e-type=\"widget\" data-widget_type=\"text-editor.default\">\n\t\t\t\t\t\t\t\t\t<p>Nous mettons en \u0153uvre des mesures techniques et organisationnelles pour prot\u00e9ger les donn\u00e9es contre tout acc\u00e8s non autoris\u00e9, perte ou divulgation.<\/p>\t\t\t\t\t\t\t\t<\/div>\n\t\t\t\t<div class=\"elementor-element elementor-element-f2f1062 elementor-widget elementor-widget-heading\" data-id=\"f2f1062\" data-element_type=\"widget\" data-e-type=\"widget\" data-widget_type=\"heading.default\">\n\t\t\t\t\t<h2 class=\"elementor-heading-title elementor-size-default\">5. Droits des utilisateurs<\/h2>\t\t\t\t<\/div>\n\t\t\t\t<div class=\"elementor-element elementor-element-9e75702 elementor-widget elementor-widget-text-editor\" data-id=\"9e75702\" data-element_type=\"widget\" data-e-type=\"widget\" data-widget_type=\"text-editor.default\">\n\t\t\t\t\t\t\t\t\t<p>Vous disposez des droits d\u2019acc\u00e8s, rectification, suppression, opposition et portabilit\u00e9.<\/p>\t\t\t\t\t\t\t\t<\/div>\n\t\t\t\t\t<\/div>\n\t\t\t\t<\/div>\n\t\t\t\t<\/div>","protected":false},"excerpt":{"rendered":"<p>Politique de confidentialit\u00e9 1. Collecte des donn\u00e9es Nous collectons uniquement les donn\u00e9es n\u00e9cessaires \u00e0 notre activit\u00e9 : nom, pr\u00e9nom, email, t\u00e9l\u00e9phone, informations li\u00e9es au projet, donn\u00e9es de navigation (cookies). 2. Finalit\u00e9s Les donn\u00e9es sont utilis\u00e9es pour r\u00e9pondre aux demandes de contact, \u00e9tablir des devis, g\u00e9rer les relations clients, am\u00e9liorer l\u2019exp\u00e9rience utilisateur et respecter les obligations [&hellip;]<\/p>\n","protected":false},"author":2,"featured_media":0,"parent":0,"menu_order":0,"comment_status":"closed","ping_status":"closed","template":"","meta":{"footnotes":""},"class_list":["post-1562","page","type-page","status-publish","hentry"],"yoast_head":"<!-- This site is optimized with the Yoast SEO Premium plugin v26.5 (Yoast SEO v27.5) - https:\/\/yoast.com\/product\/yoast-seo-premium-wordpress\/ -->\n<title>Politique de confidentialit\u00e9 - Mogacode<\/title>\n<meta name=\"robots\" content=\"index, follow, max-snippet:-1, max-image-preview:large, max-video-preview:-1\" \/>\n<link rel=\"canonical\" href=\"https:\/\/www.mogacode.ma\/en\/politique-de-confidentialite\/\" \/>\n<meta property=\"og:locale\" content=\"en_US\" \/>\n<meta property=\"og:type\" content=\"article\" \/>\n<meta property=\"og:title\" content=\"Politique de confidentialit\u00e9\" \/>\n<meta property=\"og:description\" content=\"Politique de confidentialit\u00e9 1. Collecte des donn\u00e9es Nous collectons uniquement les donn\u00e9es n\u00e9cessaires \u00e0 notre activit\u00e9 : nom, pr\u00e9nom, email, t\u00e9l\u00e9phone, informations li\u00e9es au projet, donn\u00e9es de navigation (cookies). 2. Finalit\u00e9s Les donn\u00e9es sont utilis\u00e9es pour r\u00e9pondre aux demandes de contact, \u00e9tablir des devis, g\u00e9rer les relations clients, am\u00e9liorer l\u2019exp\u00e9rience utilisateur et respecter les obligations [&hellip;]\" \/>\n<meta property=\"og:url\" content=\"https:\/\/www.mogacode.ma\/en\/politique-de-confidentialite\/\" \/>\n<meta property=\"og:site_name\" content=\"Mogacode\" \/>\n<meta property=\"article:publisher\" content=\"https:\/\/www.facebook.com\/mogacode\" \/>\n<meta property=\"article:modified_time\" content=\"2026-02-24T06:59:55+00:00\" \/>\n<meta name=\"twitter:card\" content=\"summary_large_image\" \/>\n<meta name=\"twitter:site\" content=\"@mogacode\" \/>\n<meta name=\"twitter:label1\" content=\"Est. reading time\" \/>\n\t<meta name=\"twitter:data1\" content=\"1 minute\" \/>\n<script type=\"application\/ld+json\" class=\"yoast-schema-graph\">{\"@context\":\"https:\\\/\\\/schema.org\",\"@graph\":[{\"@type\":\"WebPage\",\"@id\":\"https:\\\/\\\/www.mogacode.ma\\\/politique-de-confidentialite\\\/\",\"url\":\"https:\\\/\\\/www.mogacode.ma\\\/politique-de-confidentialite\\\/\",\"name\":\"Politique de confidentialit\u00e9 - Mogacode\",\"isPartOf\":{\"@id\":\"https:\\\/\\\/www.mogacode.ma\\\/en\\\/#website\"},\"datePublished\":\"2026-02-23T14:36:18+00:00\",\"dateModified\":\"2026-02-24T06:59:55+00:00\",\"breadcrumb\":{\"@id\":\"https:\\\/\\\/www.mogacode.ma\\\/politique-de-confidentialite\\\/#breadcrumb\"},\"inLanguage\":\"en-US\",\"potentialAction\":[{\"@type\":\"ReadAction\",\"target\":[\"https:\\\/\\\/www.mogacode.ma\\\/politique-de-confidentialite\\\/\"]}]},{\"@type\":\"BreadcrumbList\",\"@id\":\"https:\\\/\\\/www.mogacode.ma\\\/politique-de-confidentialite\\\/#breadcrumb\",\"itemListElement\":[{\"@type\":\"ListItem\",\"position\":1,\"name\":\"Accueil\",\"item\":\"https:\\\/\\\/www.mogacode.ma\\\/\"},{\"@type\":\"ListItem\",\"position\":2,\"name\":\"Politique de confidentialit\u00e9\"}]},{\"@type\":\"WebSite\",\"@id\":\"https:\\\/\\\/www.mogacode.ma\\\/en\\\/#website\",\"url\":\"https:\\\/\\\/www.mogacode.ma\\\/en\\\/\",\"name\":\"Mogacode - D\u00e9veloppement de sites web et applications \u00e0 Essaouira\",\"description\":\"\",\"publisher\":{\"@id\":\"https:\\\/\\\/www.mogacode.ma\\\/en\\\/#organization\"},\"potentialAction\":[{\"@type\":\"SearchAction\",\"target\":{\"@type\":\"EntryPoint\",\"urlTemplate\":\"https:\\\/\\\/www.mogacode.ma\\\/en\\\/?s={search_term_string}\"},\"query-input\":{\"@type\":\"PropertyValueSpecification\",\"valueRequired\":true,\"valueName\":\"search_term_string\"}}],\"inLanguage\":\"en-US\"},{\"@type\":\"Organization\",\"@id\":\"https:\\\/\\\/www.mogacode.ma\\\/en\\\/#organization\",\"name\":\"MogaCode\",\"alternateName\":\"MogaCode SARL-AU\",\"url\":\"https:\\\/\\\/www.mogacode.ma\\\/en\\\/\",\"logo\":{\"@type\":\"ImageObject\",\"inLanguage\":\"en-US\",\"@id\":\"https:\\\/\\\/www.mogacode.ma\\\/en\\\/#\\\/schema\\\/logo\\\/image\\\/\",\"url\":\"https:\\\/\\\/www.mogacode.ma\\\/wp-content\\\/uploads\\\/2025\\\/10\\\/ChatGPT-Image-22-oct.-2025-a-09_49_53.png\",\"contentUrl\":\"https:\\\/\\\/www.mogacode.ma\\\/wp-content\\\/uploads\\\/2025\\\/10\\\/ChatGPT-Image-22-oct.-2025-a-09_49_53.png\",\"width\":1024,\"height\":1024,\"caption\":\"MogaCode\"},\"image\":{\"@id\":\"https:\\\/\\\/www.mogacode.ma\\\/en\\\/#\\\/schema\\\/logo\\\/image\\\/\"},\"sameAs\":[\"https:\\\/\\\/www.facebook.com\\\/mogacode\",\"https:\\\/\\\/x.com\\\/mogacode\"],\"description\":\"Agence digitale sp\u00e9cialis\u00e9e en d\u00e9veloppement WordPress, SaaS IA et SEO. Fond\u00e9e \u00e0 Essaouira par un expert judiciaire informaticien avec 30 ans d'exp\u00e9rience IT. Clients en France, Belgique, Luxembourg et Maroc.\",\"email\":\"contact@mogacode.ma\",\"telephone\":\"+212620229114\",\"legalName\":\"MogaCode SARL-AU\",\"foundingDate\":\"2019\"}]}<\/script>\n<!-- \/ Yoast SEO Premium plugin. -->","yoast_head_json":{"title":"Politique de confidentialit\u00e9 - Mogacode","robots":{"index":"index","follow":"follow","max-snippet":"max-snippet:-1","max-image-preview":"max-image-preview:large","max-video-preview":"max-video-preview:-1"},"canonical":"https:\/\/www.mogacode.ma\/en\/politique-de-confidentialite\/","og_locale":"en_US","og_type":"article","og_title":"Politique de confidentialit\u00e9","og_description":"Politique de confidentialit\u00e9 1. Collecte des donn\u00e9es Nous collectons uniquement les donn\u00e9es n\u00e9cessaires \u00e0 notre activit\u00e9 : nom, pr\u00e9nom, email, t\u00e9l\u00e9phone, informations li\u00e9es au projet, donn\u00e9es de navigation (cookies). 2. Finalit\u00e9s Les donn\u00e9es sont utilis\u00e9es pour r\u00e9pondre aux demandes de contact, \u00e9tablir des devis, g\u00e9rer les relations clients, am\u00e9liorer l\u2019exp\u00e9rience utilisateur et respecter les obligations [&hellip;]","og_url":"https:\/\/www.mogacode.ma\/en\/politique-de-confidentialite\/","og_site_name":"Mogacode","article_publisher":"https:\/\/www.facebook.com\/mogacode","article_modified_time":"2026-02-24T06:59:55+00:00","twitter_card":"summary_large_image","twitter_site":"@mogacode","twitter_misc":{"Est. reading time":"1 minute"},"schema":{"@context":"https:\/\/schema.org","@graph":[{"@type":"WebPage","@id":"https:\/\/www.mogacode.ma\/politique-de-confidentialite\/","url":"https:\/\/www.mogacode.ma\/politique-de-confidentialite\/","name":"Politique de confidentialit\u00e9 - Mogacode","isPartOf":{"@id":"https:\/\/www.mogacode.ma\/en\/#website"},"datePublished":"2026-02-23T14:36:18+00:00","dateModified":"2026-02-24T06:59:55+00:00","breadcrumb":{"@id":"https:\/\/www.mogacode.ma\/politique-de-confidentialite\/#breadcrumb"},"inLanguage":"en-US","potentialAction":[{"@type":"ReadAction","target":["https:\/\/www.mogacode.ma\/politique-de-confidentialite\/"]}]},{"@type":"BreadcrumbList","@id":"https:\/\/www.mogacode.ma\/politique-de-confidentialite\/#breadcrumb","itemListElement":[{"@type":"ListItem","position":1,"name":"Accueil","item":"https:\/\/www.mogacode.ma\/"},{"@type":"ListItem","position":2,"name":"Politique de confidentialit\u00e9"}]},{"@type":"WebSite","@id":"https:\/\/www.mogacode.ma\/en\/#website","url":"https:\/\/www.mogacode.ma\/en\/","name":"Mogacode - D\u00e9veloppement de sites web et applications \u00e0 Essaouira","description":"","publisher":{"@id":"https:\/\/www.mogacode.ma\/en\/#organization"},"potentialAction":[{"@type":"SearchAction","target":{"@type":"EntryPoint","urlTemplate":"https:\/\/www.mogacode.ma\/en\/?s={search_term_string}"},"query-input":{"@type":"PropertyValueSpecification","valueRequired":true,"valueName":"search_term_string"}}],"inLanguage":"en-US"},{"@type":"Organization","@id":"https:\/\/www.mogacode.ma\/en\/#organization","name":"MogaCode","alternateName":"MogaCode SARL-AU","url":"https:\/\/www.mogacode.ma\/en\/","logo":{"@type":"ImageObject","inLanguage":"en-US","@id":"https:\/\/www.mogacode.ma\/en\/#\/schema\/logo\/image\/","url":"https:\/\/www.mogacode.ma\/wp-content\/uploads\/2025\/10\/ChatGPT-Image-22-oct.-2025-a-09_49_53.png","contentUrl":"https:\/\/www.mogacode.ma\/wp-content\/uploads\/2025\/10\/ChatGPT-Image-22-oct.-2025-a-09_49_53.png","width":1024,"height":1024,"caption":"MogaCode"},"image":{"@id":"https:\/\/www.mogacode.ma\/en\/#\/schema\/logo\/image\/"},"sameAs":["https:\/\/www.facebook.com\/mogacode","https:\/\/x.com\/mogacode"],"description":"Agence digitale sp\u00e9cialis\u00e9e en d\u00e9veloppement WordPress, SaaS IA et SEO. Fond\u00e9e \u00e0 Essaouira par un expert judiciaire informaticien avec 30 ans d'exp\u00e9rience IT. Clients en France, Belgique, Luxembourg et Maroc.","email":"contact@mogacode.ma","telephone":"+212620229114","legalName":"MogaCode SARL-AU","foundingDate":"2019"}]}},"_links":{"self":[{"href":"https:\/\/www.mogacode.ma\/en\/wp-json\/wp\/v2\/pages\/1562","targetHints":{"allow":["GET"]}}],"collection":[{"href":"https:\/\/www.mogacode.ma\/en\/wp-json\/wp\/v2\/pages"}],"about":[{"href":"https:\/\/www.mogacode.ma\/en\/wp-json\/wp\/v2\/types\/page"}],"author":[{"embeddable":true,"href":"https:\/\/www.mogacode.ma\/en\/wp-json\/wp\/v2\/users\/2"}],"replies":[{"embeddable":true,"href":"https:\/\/www.mogacode.ma\/en\/wp-json\/wp\/v2\/comments?post=1562"}],"version-history":[{"count":0,"href":"https:\/\/www.mogacode.ma\/en\/wp-json\/wp\/v2\/pages\/1562\/revisions"}],"wp:attachment":[{"href":"https:\/\/www.mogacode.ma\/en\/wp-json\/wp\/v2\/media?parent=1562"}],"curies":[{"name":"wp","href":"https:\/\/api.w.org\/{rel}","templated":true}]}}