{"id":1547,"date":"2026-02-23T14:08:36","date_gmt":"2026-02-23T14:08:36","guid":{"rendered":"https:\/\/www.mogacode.ma\/?page_id=1547"},"modified":"2026-02-24T09:23:42","modified_gmt":"2026-02-24T09:23:42","slug":"mentions-legales","status":"publish","type":"page","link":"https:\/\/www.mogacode.ma\/en\/mentions-legales\/","title":{"rendered":"Mentions l\u00e9gales"},"content":{"rendered":"<div data-elementor-type=\"wp-page\" data-elementor-id=\"1547\" class=\"elementor elementor-1547 elementor-bc-flex-widget\" data-elementor-post-type=\"page\">\n\t\t\t\t<div class=\"elementor-element elementor-element-afb8f08 e-flex e-con-boxed e-con e-parent\" data-id=\"afb8f08\" data-element_type=\"container\" data-e-type=\"container\" data-settings=\"{&quot;background_background&quot;:&quot;classic&quot;}\">\n\t\t\t\t\t<div class=\"e-con-inner\">\n\t\t\t\t<div class=\"elementor-element elementor-element-1bdb85c elementor-widget elementor-widget-heading\" data-id=\"1bdb85c\" data-element_type=\"widget\" data-e-type=\"widget\" data-widget_type=\"heading.default\">\n\t\t\t\t\t<h1 class=\"elementor-heading-title elementor-size-default\">Mentions <em class=\"gradient-text\">l\u00e9gales<\/em><\/h1>\t\t\t\t<\/div>\n\t\t\t\t\t<\/div>\n\t\t\t\t<\/div>\n\t\t<div class=\"elementor-element elementor-element-63dcfe6 e-flex e-con-boxed e-con e-parent\" data-id=\"63dcfe6\" data-element_type=\"container\" data-e-type=\"container\" data-settings=\"{&quot;background_background&quot;:&quot;classic&quot;}\">\n\t\t\t\t\t<div class=\"e-con-inner\">\n\t\t\t\t<div class=\"elementor-element elementor-element-74f1b26 elementor-widget elementor-widget-heading\" data-id=\"74f1b26\" data-element_type=\"widget\" data-e-type=\"widget\" data-widget_type=\"heading.default\">\n\t\t\t\t\t<h2 class=\"elementor-heading-title elementor-size-default\">\u00c9diteur du site<\/h2>\t\t\t\t<\/div>\n\t\t\t\t<div class=\"elementor-element elementor-element-56fc760 elementor-widget elementor-widget-text-editor\" data-id=\"56fc760\" data-element_type=\"widget\" data-e-type=\"widget\" data-widget_type=\"text-editor.default\">\n\t\t\t\t\t\t\t\t\t<p>Le site mogacode.ma est \u00e9dit\u00e9 par : Mogacode<\/p><p><strong>Statut juridique<\/strong> : sarl-au<\/p><p><strong>Address<\/strong> : Essaouira Maroc<\/p><p><strong>T\u00e9l\u00e9phone :\u00a0<\/strong><a href=\"https:\/\/wa.me\/+212620229114\"><span class=\"elementor-icon-list-text\">+212 620 229 114<\/span> <\/a><\/p>\t\t\t\t\t\t\t\t<\/div>\n\t\t\t\t<div class=\"elementor-element elementor-element-d4b4f4e elementor-widget elementor-widget-heading\" data-id=\"d4b4f4e\" data-element_type=\"widget\" data-e-type=\"widget\" data-widget_type=\"heading.default\">\n\t\t\t\t\t<h2 class=\"elementor-heading-title elementor-size-default\">\nDirecteur de la publication\n<\/h2>\t\t\t\t<\/div>\n\t\t\t\t<div class=\"elementor-element elementor-element-c8437a8 elementor-widget elementor-widget-text-editor\" data-id=\"c8437a8\" data-element_type=\"widget\" data-e-type=\"widget\" data-widget_type=\"text-editor.default\">\n\t\t\t\t\t\t\t\t\t<p>Mogacode<\/p>\t\t\t\t\t\t\t\t<\/div>\n\t\t\t\t<div class=\"elementor-element elementor-element-497dcc2 elementor-widget elementor-widget-heading\" data-id=\"497dcc2\" data-element_type=\"widget\" data-e-type=\"widget\" data-widget_type=\"heading.default\">\n\t\t\t\t\t<h2 class=\"elementor-heading-title elementor-size-default\">H\u00e9bergement\n\n<\/h2>\t\t\t\t<\/div>\n\t\t\t\t<div class=\"elementor-element elementor-element-5f660d2 elementor-widget elementor-widget-text-editor\" data-id=\"5f660d2\" data-element_type=\"widget\" data-e-type=\"widget\" data-widget_type=\"text-editor.default\">\n\t\t\t\t\t\t\t\t\t<p>Le site est h\u00e9berg\u00e9 par :<\/p><p>Infomaniak<\/p><p><a href=\"https:\/\/www.infomaniak.com\/fr\">https:\/\/www.infomaniak.com\/fr<\/a><\/p>\t\t\t\t\t\t\t\t<\/div>\n\t\t\t\t<div class=\"elementor-element elementor-element-0a9c444 elementor-widget elementor-widget-heading\" data-id=\"0a9c444\" data-element_type=\"widget\" data-e-type=\"widget\" data-widget_type=\"heading.default\">\n\t\t\t\t\t<h2 class=\"elementor-heading-title elementor-size-default\">Propri\u00e9t\u00e9 intellectuelle<\/h2>\t\t\t\t<\/div>\n\t\t\t\t<div class=\"elementor-element elementor-element-4910594 elementor-widget elementor-widget-text-editor\" data-id=\"4910594\" data-element_type=\"widget\" data-e-type=\"widget\" data-widget_type=\"text-editor.default\">\n\t\t\t\t\t\t\t\t\t<p>L\u2019ensemble des contenus pr\u00e9sents sur le site mogacode.ma (textes, images, logos, graphismes, code, structure, etc.) est prot\u00e9g\u00e9 par le droit d\u2019auteur et la l\u00e9gislation relative \u00e0 la propri\u00e9t\u00e9 intellectuelle.<\/p><p>Toute reproduction, repr\u00e9sentation, modification ou exploitation, totale ou partielle, sans autorisation \u00e9crite pr\u00e9alable est strictement interdite.<\/p>\t\t\t\t\t\t\t\t<\/div>\n\t\t\t\t<div class=\"elementor-element elementor-element-12b0d73 elementor-widget elementor-widget-heading\" data-id=\"12b0d73\" data-element_type=\"widget\" data-e-type=\"widget\" data-widget_type=\"heading.default\">\n\t\t\t\t\t<h2 class=\"elementor-heading-title elementor-size-default\">Responsabilit\u00e9<\/h2>\t\t\t\t<\/div>\n\t\t\t\t<div class=\"elementor-element elementor-element-ea3b6d9 elementor-widget elementor-widget-text-editor\" data-id=\"ea3b6d9\" data-element_type=\"widget\" data-e-type=\"widget\" data-widget_type=\"text-editor.default\">\n\t\t\t\t\t\t\t\t\t<p>Mogacode s\u2019efforce de fournir des informations exactes et mises \u00e0 jour. Toutefois, l\u2019\u00e9diteur ne peut \u00eatre tenu responsable d\u2019erreurs, omissions ou indisponibilit\u00e9s du site<\/p>\t\t\t\t\t\t\t\t<\/div>\n\t\t\t\t\t<\/div>\n\t\t\t\t<\/div>\n\t\t\t\t<\/div>","protected":false},"excerpt":{"rendered":"<p>Mentions l\u00e9gales \u00c9diteur du site Le site mogacode.ma est \u00e9dit\u00e9 par : Mogacode Statut juridique : sarl-au Adresse : Essaouira Maroc T\u00e9l\u00e9phone :\u00a0+212 620 229 114 Directeur de la publication Mogacode H\u00e9bergement Le site est h\u00e9berg\u00e9 par : Infomaniak https:\/\/www.infomaniak.com\/fr Propri\u00e9t\u00e9 intellectuelle L\u2019ensemble des contenus pr\u00e9sents sur le site mogacode.ma (textes, images, logos, graphismes, code, [&hellip;]<\/p>\n","protected":false},"author":2,"featured_media":0,"parent":0,"menu_order":0,"comment_status":"closed","ping_status":"closed","template":"","meta":{"footnotes":""},"class_list":["post-1547","page","type-page","status-publish","hentry"],"yoast_head":"<!-- This site is optimized with the Yoast SEO Premium plugin v26.5 (Yoast SEO v27.5) - https:\/\/yoast.com\/product\/yoast-seo-premium-wordpress\/ -->\n<title>Mentions l\u00e9gales - Mogacode<\/title>\n<meta name=\"robots\" content=\"index, follow, max-snippet:-1, max-image-preview:large, max-video-preview:-1\" \/>\n<link rel=\"canonical\" href=\"https:\/\/www.mogacode.ma\/en\/mentions-legales\/\" \/>\n<meta property=\"og:locale\" content=\"en_US\" \/>\n<meta property=\"og:type\" content=\"article\" \/>\n<meta property=\"og:title\" content=\"Mentions l\u00e9gales\" \/>\n<meta property=\"og:description\" content=\"Mentions l\u00e9gales \u00c9diteur du site Le site mogacode.ma est \u00e9dit\u00e9 par : Mogacode Statut juridique : sarl-au Adresse : Essaouira Maroc T\u00e9l\u00e9phone :\u00a0+212 620 229 114 Directeur de la publication Mogacode H\u00e9bergement Le site est h\u00e9berg\u00e9 par : Infomaniak https:\/\/www.infomaniak.com\/fr Propri\u00e9t\u00e9 intellectuelle L\u2019ensemble des contenus pr\u00e9sents sur le site mogacode.ma (textes, images, logos, graphismes, code, [&hellip;]\" \/>\n<meta property=\"og:url\" content=\"https:\/\/www.mogacode.ma\/en\/mentions-legales\/\" \/>\n<meta property=\"og:site_name\" content=\"Mogacode\" \/>\n<meta property=\"article:publisher\" content=\"https:\/\/www.facebook.com\/mogacode\" \/>\n<meta property=\"article:modified_time\" content=\"2026-02-24T09:23:42+00:00\" \/>\n<meta name=\"twitter:card\" content=\"summary_large_image\" \/>\n<meta name=\"twitter:site\" content=\"@mogacode\" \/>\n<meta name=\"twitter:label1\" content=\"Est. reading time\" \/>\n\t<meta name=\"twitter:data1\" content=\"1 minute\" \/>\n<script type=\"application\/ld+json\" class=\"yoast-schema-graph\">{\"@context\":\"https:\\\/\\\/schema.org\",\"@graph\":[{\"@type\":\"WebPage\",\"@id\":\"https:\\\/\\\/www.mogacode.ma\\\/mentions-legales\\\/\",\"url\":\"https:\\\/\\\/www.mogacode.ma\\\/mentions-legales\\\/\",\"name\":\"Mentions l\u00e9gales - Mogacode\",\"isPartOf\":{\"@id\":\"https:\\\/\\\/www.mogacode.ma\\\/en\\\/#website\"},\"datePublished\":\"2026-02-23T14:08:36+00:00\",\"dateModified\":\"2026-02-24T09:23:42+00:00\",\"breadcrumb\":{\"@id\":\"https:\\\/\\\/www.mogacode.ma\\\/mentions-legales\\\/#breadcrumb\"},\"inLanguage\":\"en-US\",\"potentialAction\":[{\"@type\":\"ReadAction\",\"target\":[\"https:\\\/\\\/www.mogacode.ma\\\/mentions-legales\\\/\"]}]},{\"@type\":\"BreadcrumbList\",\"@id\":\"https:\\\/\\\/www.mogacode.ma\\\/mentions-legales\\\/#breadcrumb\",\"itemListElement\":[{\"@type\":\"ListItem\",\"position\":1,\"name\":\"Accueil\",\"item\":\"https:\\\/\\\/www.mogacode.ma\\\/\"},{\"@type\":\"ListItem\",\"position\":2,\"name\":\"Mentions l\u00e9gales\"}]},{\"@type\":\"WebSite\",\"@id\":\"https:\\\/\\\/www.mogacode.ma\\\/en\\\/#website\",\"url\":\"https:\\\/\\\/www.mogacode.ma\\\/en\\\/\",\"name\":\"Mogacode - D\u00e9veloppement de sites web et applications \u00e0 Essaouira\",\"description\":\"\",\"publisher\":{\"@id\":\"https:\\\/\\\/www.mogacode.ma\\\/en\\\/#organization\"},\"potentialAction\":[{\"@type\":\"SearchAction\",\"target\":{\"@type\":\"EntryPoint\",\"urlTemplate\":\"https:\\\/\\\/www.mogacode.ma\\\/en\\\/?s={search_term_string}\"},\"query-input\":{\"@type\":\"PropertyValueSpecification\",\"valueRequired\":true,\"valueName\":\"search_term_string\"}}],\"inLanguage\":\"en-US\"},{\"@type\":\"Organization\",\"@id\":\"https:\\\/\\\/www.mogacode.ma\\\/en\\\/#organization\",\"name\":\"MogaCode\",\"alternateName\":\"MogaCode SARL-AU\",\"url\":\"https:\\\/\\\/www.mogacode.ma\\\/en\\\/\",\"logo\":{\"@type\":\"ImageObject\",\"inLanguage\":\"en-US\",\"@id\":\"https:\\\/\\\/www.mogacode.ma\\\/en\\\/#\\\/schema\\\/logo\\\/image\\\/\",\"url\":\"https:\\\/\\\/www.mogacode.ma\\\/wp-content\\\/uploads\\\/2025\\\/10\\\/ChatGPT-Image-22-oct.-2025-a-09_49_53.png\",\"contentUrl\":\"https:\\\/\\\/www.mogacode.ma\\\/wp-content\\\/uploads\\\/2025\\\/10\\\/ChatGPT-Image-22-oct.-2025-a-09_49_53.png\",\"width\":1024,\"height\":1024,\"caption\":\"MogaCode\"},\"image\":{\"@id\":\"https:\\\/\\\/www.mogacode.ma\\\/en\\\/#\\\/schema\\\/logo\\\/image\\\/\"},\"sameAs\":[\"https:\\\/\\\/www.facebook.com\\\/mogacode\",\"https:\\\/\\\/x.com\\\/mogacode\"],\"description\":\"Agence digitale sp\u00e9cialis\u00e9e en d\u00e9veloppement WordPress, SaaS IA et SEO. Fond\u00e9e \u00e0 Essaouira par un expert judiciaire informaticien avec 30 ans d'exp\u00e9rience IT. Clients en France, Belgique, Luxembourg et Maroc.\",\"email\":\"contact@mogacode.ma\",\"telephone\":\"+212620229114\",\"legalName\":\"MogaCode SARL-AU\",\"foundingDate\":\"2019\"}]}<\/script>\n<!-- \/ Yoast SEO Premium plugin. -->","yoast_head_json":{"title":"Mentions l\u00e9gales - Mogacode","robots":{"index":"index","follow":"follow","max-snippet":"max-snippet:-1","max-image-preview":"max-image-preview:large","max-video-preview":"max-video-preview:-1"},"canonical":"https:\/\/www.mogacode.ma\/en\/mentions-legales\/","og_locale":"en_US","og_type":"article","og_title":"Mentions l\u00e9gales","og_description":"Mentions l\u00e9gales \u00c9diteur du site Le site mogacode.ma est \u00e9dit\u00e9 par : Mogacode Statut juridique : sarl-au Adresse : Essaouira Maroc T\u00e9l\u00e9phone :\u00a0+212 620 229 114 Directeur de la publication Mogacode H\u00e9bergement Le site est h\u00e9berg\u00e9 par : Infomaniak https:\/\/www.infomaniak.com\/fr Propri\u00e9t\u00e9 intellectuelle L\u2019ensemble des contenus pr\u00e9sents sur le site mogacode.ma (textes, images, logos, graphismes, code, [&hellip;]","og_url":"https:\/\/www.mogacode.ma\/en\/mentions-legales\/","og_site_name":"Mogacode","article_publisher":"https:\/\/www.facebook.com\/mogacode","article_modified_time":"2026-02-24T09:23:42+00:00","twitter_card":"summary_large_image","twitter_site":"@mogacode","twitter_misc":{"Est. reading time":"1 minute"},"schema":{"@context":"https:\/\/schema.org","@graph":[{"@type":"WebPage","@id":"https:\/\/www.mogacode.ma\/mentions-legales\/","url":"https:\/\/www.mogacode.ma\/mentions-legales\/","name":"Mentions l\u00e9gales - Mogacode","isPartOf":{"@id":"https:\/\/www.mogacode.ma\/en\/#website"},"datePublished":"2026-02-23T14:08:36+00:00","dateModified":"2026-02-24T09:23:42+00:00","breadcrumb":{"@id":"https:\/\/www.mogacode.ma\/mentions-legales\/#breadcrumb"},"inLanguage":"en-US","potentialAction":[{"@type":"ReadAction","target":["https:\/\/www.mogacode.ma\/mentions-legales\/"]}]},{"@type":"BreadcrumbList","@id":"https:\/\/www.mogacode.ma\/mentions-legales\/#breadcrumb","itemListElement":[{"@type":"ListItem","position":1,"name":"Accueil","item":"https:\/\/www.mogacode.ma\/"},{"@type":"ListItem","position":2,"name":"Mentions l\u00e9gales"}]},{"@type":"WebSite","@id":"https:\/\/www.mogacode.ma\/en\/#website","url":"https:\/\/www.mogacode.ma\/en\/","name":"Mogacode - D\u00e9veloppement de sites web et applications \u00e0 Essaouira","description":"","publisher":{"@id":"https:\/\/www.mogacode.ma\/en\/#organization"},"potentialAction":[{"@type":"SearchAction","target":{"@type":"EntryPoint","urlTemplate":"https:\/\/www.mogacode.ma\/en\/?s={search_term_string}"},"query-input":{"@type":"PropertyValueSpecification","valueRequired":true,"valueName":"search_term_string"}}],"inLanguage":"en-US"},{"@type":"Organization","@id":"https:\/\/www.mogacode.ma\/en\/#organization","name":"MogaCode","alternateName":"MogaCode SARL-AU","url":"https:\/\/www.mogacode.ma\/en\/","logo":{"@type":"ImageObject","inLanguage":"en-US","@id":"https:\/\/www.mogacode.ma\/en\/#\/schema\/logo\/image\/","url":"https:\/\/www.mogacode.ma\/wp-content\/uploads\/2025\/10\/ChatGPT-Image-22-oct.-2025-a-09_49_53.png","contentUrl":"https:\/\/www.mogacode.ma\/wp-content\/uploads\/2025\/10\/ChatGPT-Image-22-oct.-2025-a-09_49_53.png","width":1024,"height":1024,"caption":"MogaCode"},"image":{"@id":"https:\/\/www.mogacode.ma\/en\/#\/schema\/logo\/image\/"},"sameAs":["https:\/\/www.facebook.com\/mogacode","https:\/\/x.com\/mogacode"],"description":"Agence digitale sp\u00e9cialis\u00e9e en d\u00e9veloppement WordPress, SaaS IA et SEO. Fond\u00e9e \u00e0 Essaouira par un expert judiciaire informaticien avec 30 ans d'exp\u00e9rience IT. Clients en France, Belgique, Luxembourg et Maroc.","email":"contact@mogacode.ma","telephone":"+212620229114","legalName":"MogaCode SARL-AU","foundingDate":"2019"}]}},"_links":{"self":[{"href":"https:\/\/www.mogacode.ma\/en\/wp-json\/wp\/v2\/pages\/1547","targetHints":{"allow":["GET"]}}],"collection":[{"href":"https:\/\/www.mogacode.ma\/en\/wp-json\/wp\/v2\/pages"}],"about":[{"href":"https:\/\/www.mogacode.ma\/en\/wp-json\/wp\/v2\/types\/page"}],"author":[{"embeddable":true,"href":"https:\/\/www.mogacode.ma\/en\/wp-json\/wp\/v2\/users\/2"}],"replies":[{"embeddable":true,"href":"https:\/\/www.mogacode.ma\/en\/wp-json\/wp\/v2\/comments?post=1547"}],"version-history":[{"count":0,"href":"https:\/\/www.mogacode.ma\/en\/wp-json\/wp\/v2\/pages\/1547\/revisions"}],"wp:attachment":[{"href":"https:\/\/www.mogacode.ma\/en\/wp-json\/wp\/v2\/media?parent=1547"}],"curies":[{"name":"wp","href":"https:\/\/api.w.org\/{rel}","templated":true}]}}